{"id":25,"date":"2010-03-05T22:21:06","date_gmt":"2010-03-05T21:21:06","guid":{"rendered":"http:\/\/www.ackermann-motorsport.com\/home\/?page_id=25"},"modified":"2024-12-14T10:55:03","modified_gmt":"2024-12-14T09:55:03","slug":"impressum","status":"publish","type":"page","link":"https:\/\/www.ackermann-motorsport.com\/?page_id=25","title":{"rendered":"Impressum"},"content":{"rendered":"<p><!--:de--><\/p>\n<p style=\"text-align: center;\"><img loading=\"lazy\" decoding=\"async\" class=\"alignnone size-medium wp-image-41\" title=\"Ackermann1\" src=\"https:\/\/www.ackermann-motorsport.com\/home\/wp-content\/uploads\/2010\/03\/Ackermann1-300x50.png\" alt=\"\" width=\"300\" height=\"50\" srcset=\"https:\/\/www.ackermann-motorsport.com\/home\/wp-content\/uploads\/2010\/03\/Ackermann1-300x50.png 300w, https:\/\/www.ackermann-motorsport.com\/home\/wp-content\/uploads\/2010\/03\/Ackermann1.png 539w\" sizes=\"auto, (max-width: 300px) 100vw, 300px\" \/><\/p>\n<p style=\"text-align: center;\">Inh. Robert Ackermann<br \/>\nWaldalgesheimer Str. 5 c<br \/>\n55545 Bad Kreuznach<br \/>\nDeutschland<\/p>\n<p style=\"text-align: center;\">Telefon: +49 671 &#8211; 20832351<\/p>\n<p style=\"text-align: center;\">Fax: +49 671 &#8211; 20832353<\/p>\n<p style=\"text-align: center;\">Mobil: +49 176 &#8211; 20389177<\/p>\n<p style=\"text-align: center;\">E-Mail: info@ackermann-motorsport.com<\/p>\n<p style=\"text-align: center;\">Ust.-Id.-Nr.: DE 258 452 408<\/p>\n<p style=\"text-align: center;\">Die aufgef\u00fchrten Warenzeichen und Markennamen sind Eigentum des jeweiligen Herstellers. Die Erw\u00e4hnung dient lediglich der Produktbeschreibung.<\/p>\n<p style=\"text-align: center;\">Copyright &#8211; und Pressehinweis: Sollten Bilder auf unserer Homepage irrt\u00fcmlich von uns zu Informationszwecken verwendet worden sein, auf die Sie ein Copyright beanspruchen, gen\u00fcgt eine kurze Mitteilung. Wir werden das Bild dann umgehend l\u00f6schen.<\/p>\n<p style=\"text-align: center;\">F\u00fcr den Inhalt der verlinkten Seiten sind ausschlie\u00dflich deren Betreiber verantwortlich<\/p>\n<p style=\"text-align: center;\">Erkl\u00e4rung zu Links \/ weiterf\u00fchrenden Seitenelementen:<br \/>\nMit dem Urteil vom 12. Mai 1998 hat das Landgericht Hamburg entschieden, dass durch die Anbringung eines Links die Inhalte der gelinkten Seite ggf. mit zu verantworten sind. Dies kann &#8211; so das LG &#8211; nur dadurch verhindert werden, dass man sich ausdr\u00fccklich von diesen Inhalten distanziert. Wir haben auf verschiedenen Seiten dieser Homepage Links zu anderen Seiten im Internet gelegt. F\u00fcr all diese Links gilt: Wir m\u00f6chten ausdr\u00fccklich betonen, dass wir keinerlei Einfluss auf die Gestaltung und die Inhalte der gelinkten Seiten haben. Deshalb distanzieren wir uns hiermit ausdr\u00fccklich von allen Inhalten aller gelinkten Seiten auf dieser Homepage und machen uns deren Inhalte nicht zueigen. Diese Erkl\u00e4rung gilt f\u00fcr alle auf unserer Seite angebrachten Links, sowie Seiten, die durch Webringe aufgerufen werden oder G\u00e4stebucheintr\u00e4ge.<\/p>\n<p><!--:--><!--:en--><\/p>\n<p style=\"text-align: center;\">\n<p>&nbsp;<\/p>\n","protected":false},"excerpt":{"rendered":"<p>Inh. Robert Ackermann Waldalgesheimer Str. 5 c 55545 Bad Kreuznach Deutschland Telefon: +49 671 &#8211; 20832351 Fax: +49 671 &#8211; 20832353 Mobil: +49 176 &#8211; 20389177 E-Mail: info@ackermann-motorsport.com Ust.-Id.-Nr.: DE 258 452 408 Die aufgef\u00fchrten Warenzeichen und Markennamen sind Eigentum des jeweiligen Herstellers. Die Erw\u00e4hnung dient lediglich der Produktbeschreibung. Copyright &#8211; und Pressehinweis: Sollten Bilder [&hellip;]<\/p>\n","protected":false},"author":3,"featured_media":0,"parent":0,"menu_order":7,"comment_status":"closed","ping_status":"closed","template":"","meta":{"footnotes":""},"class_list":["post-25","page","type-page","status-publish","hentry"],"_links":{"self":[{"href":"https:\/\/www.ackermann-motorsport.com\/index.php?rest_route=\/wp\/v2\/pages\/25","targetHints":{"allow":["GET"]}}],"collection":[{"href":"https:\/\/www.ackermann-motorsport.com\/index.php?rest_route=\/wp\/v2\/pages"}],"about":[{"href":"https:\/\/www.ackermann-motorsport.com\/index.php?rest_route=\/wp\/v2\/types\/page"}],"author":[{"embeddable":true,"href":"https:\/\/www.ackermann-motorsport.com\/index.php?rest_route=\/wp\/v2\/users\/3"}],"replies":[{"embeddable":true,"href":"https:\/\/www.ackermann-motorsport.com\/index.php?rest_route=%2Fwp%2Fv2%2Fcomments&post=25"}],"version-history":[{"count":16,"href":"https:\/\/www.ackermann-motorsport.com\/index.php?rest_route=\/wp\/v2\/pages\/25\/revisions"}],"predecessor-version":[{"id":1526,"href":"https:\/\/www.ackermann-motorsport.com\/index.php?rest_route=\/wp\/v2\/pages\/25\/revisions\/1526"}],"wp:attachment":[{"href":"https:\/\/www.ackermann-motorsport.com\/index.php?rest_route=%2Fwp%2Fv2%2Fmedia&parent=25"}],"curies":[{"name":"wp","href":"https:\/\/api.w.org\/{rel}","templated":true}]}}